{"id":460,"date":"2023-06-25T21:55:10","date_gmt":"2023-06-25T21:55:10","guid":{"rendered":"http:\/\/10.0.0.128\/?page_id=460"},"modified":"2024-08-09T12:29:49","modified_gmt":"2024-08-09T12:29:49","slug":"politica-de-privacidad-y-uso-de-cookies","status":"publish","type":"page","link":"https:\/\/nubaro.com\/es\/politica-de-privacidad-y-uso-de-cookies\/","title":{"rendered":"Pol\u00edtica de privacidad"},"content":{"rendered":"\t\t<div data-elementor-type=\"wp-page\" data-elementor-id=\"460\" class=\"elementor elementor-460\" data-elementor-post-type=\"page\">\n\t\t\t\t<div data-particle_enable=\"false\" data-particle-mobile-disabled=\"false\" class=\"elementor-element elementor-element-bf1aaaa e-flex e-con-boxed e-con e-parent\" data-id=\"bf1aaaa\" data-element_type=\"container\" data-settings=\"{&quot;background_background&quot;:&quot;classic&quot;}\">\n\t\t\t\t\t<div class=\"e-con-inner\">\n\t\t\t\t<div class=\"elementor-element elementor-element-54e4767 elementor-widget elementor-widget-heading\" data-id=\"54e4767\" data-element_type=\"widget\" data-widget_type=\"heading.default\">\n\t\t\t\t<div class=\"elementor-widget-container\">\n\t\t\t<h2 class=\"elementor-heading-title elementor-size-default\">Pol\u00edtica de privacidad y uso de Cookies<\/h2>\t\t<\/div>\n\t\t\t\t<\/div>\n\t\t\t\t<div class=\"elementor-element elementor-element-fd61d18 elementor-widget elementor-widget-text-editor\" data-id=\"fd61d18\" data-element_type=\"widget\" data-widget_type=\"text-editor.default\">\n\t\t\t\t<div class=\"elementor-widget-container\">\n\t\t\t\t\t\t\t<p>Actualizado 26-06-23<\/p>\t\t\t\t\t\t<\/div>\n\t\t\t\t<\/div>\n\t\t\t\t<div class=\"elementor-element elementor-element-ebf67eb elementor-widget-divider--view-line elementor-widget elementor-widget-divider\" data-id=\"ebf67eb\" data-element_type=\"widget\" data-widget_type=\"divider.default\">\n\t\t\t\t<div class=\"elementor-widget-container\">\n\t\t\t\t\t<div class=\"elementor-divider\">\n\t\t\t<span class=\"elementor-divider-separator\">\n\t\t\t\t\t\t<\/span>\n\t\t<\/div>\n\t\t\t\t<\/div>\n\t\t\t\t<\/div>\n\t\t\t\t<div class=\"elementor-element elementor-element-7012a6c elementor-widget elementor-widget-text-editor\" data-id=\"7012a6c\" data-element_type=\"widget\" data-widget_type=\"text-editor.default\">\n\t\t\t\t<div class=\"elementor-widget-container\">\n\t\t\t\t\t\t\t<p>Multimedia Valencia S.A. est\u00e1 comprometida a proteger su privacidad y la tecnolog\u00eda de desarrollo que le brinda la experiencia en l\u00ednea m\u00e1s potente y segura. Esta Declaraci\u00f3n de Privacidad est\u00e1 relacionada con el sitio Web de Multimedia Valencia S.A. y abarca la recolecci\u00f3n de datos y su uso. Al utilizar el sitio Multimedia Valencia S.A., Usted acepta las pr\u00e1cticas utilizadas en relaci\u00f3n a los datos que se describen en esta declaraci\u00f3n.<\/p><h2>1. Recolecci\u00f3n de su Informaci\u00f3n Personal<\/h2><p>Multimedia Valencia S.A. recolecta informaci\u00f3n de identificaci\u00f3n personal, como su direcci\u00f3n de correo electr\u00f3nico (e-mail), nombre, direcci\u00f3n del trabajo o de su casa, o su n\u00famero telef\u00f3nico. Multimedia Valencia S.A. tambi\u00e9n recaba informaci\u00f3n demogr\u00e1fica an\u00f3nima, en el sentido que no es aplicable s\u00f3lo a Usted, como por ejemplo el c\u00f3digo postal, edad, sexo, preferencias, intereses y favoritos.<\/p><p>Tambi\u00e9n existe informaci\u00f3n acerca del hardware y software de su computador personal, que se recaba autom\u00e1ticamente por Multimedia Valencia S.A.. Esta informaci\u00f3n puede incluir: su direcci\u00f3n IP, tipo de explorador de Internet usado, nombres de dominio, tiempos de acceso y direcciones de sitios Web que hacen referencia a \u00e9ste. Esta informaci\u00f3n es utilizada por Multimedia Valencia S.A. para la operaci\u00f3n del servicio, para mantener la calidad del servicio prestado y para brindar estad\u00edsticas generales acerca del uso del sitio Multimedia Valencia S.A..<\/p><p>Por favor tenga en cuenta que si Usted divulga directamente informaci\u00f3n de identificaci\u00f3n personal o datos privados a trav\u00e9s de las herramientas p\u00fablicas de comunicaci\u00f3n en l\u00ednea ofrecidas por Multimedia Valencia S.A., dicha informaci\u00f3n puede ser recogida y usada por otros. Nota: Multimedia Valencia S.A. no lee ninguna de sus comunicaciones en l\u00ednea privadas.<\/p><p>Multimedia Valencia S.A. lo alienta a que revise las declaraciones de privacidad de otros sitios Web a los que Usted elija vincular desde Multimedia Valencia S.A. de manera que pueda comprender c\u00f3mo recogen \u00e9stos su informaci\u00f3n y si eventualmente la comparten con otros. Multimedia Valencia S.A. no es responsable por declaraciones de privacidad ni otros contenidos que se encuentren en sitios Web fuera de Multimedia Valencia S.A. y de la familia de sitios Web de Multimedia Valencia S.A..<\/p><h2>2. Utilizaci\u00f3n de su Informaci\u00f3n Personal<\/h2><p>Multimedia Valencia S.A. recaba y utiliza su informaci\u00f3n personal para operar el sitio Web Multimedia Valencia S.A. y brindarle los servicios que Usted haya solicitado. Multimedia Valencia S.A. tambi\u00e9n utiliza la informaci\u00f3n de su identificaci\u00f3n personal para informarlo acerca de otros productos o servicios disponibles en Multimedia Valencia S.A. y sus colaboradores o subsidiarias. Multimedia Valencia S.A. puede tambi\u00e9n ponerse en contacto con Usted mediante encuestas, para conocer su opini\u00f3n sobre los servicios prestados actualmente o potenciales servicios a ofrecer en el futuro.<\/p><p>Multimedia Valencia S.A. no vende, alquila o arrienda su lista de usuarios a terceras partes. Espor\u00e1dicamente Multimedia Valencia S.A. puede contactarlo de parte de colaboradores externos para ofrecerle alguna oferta particular que pueda ser de su inter\u00e9s. En estos casos, la informaci\u00f3n de su identificaci\u00f3n personal (e-mail, nombre, direcci\u00f3n, tel\u00e9fono) no es transferida al socio de negocios. Adem\u00e1s, Multimedia Valencia S.A. s\u00ed puede compartir datos con socios de confianza que ayudan y\/o en los que delega el an\u00e1lisis estad\u00edstico, el env\u00edo de correo electr\u00f3nico o postal, la atenci\u00f3n al cliente, o los servicios para la distribuci\u00f3n y entrega de productos. Todas estas terceras partes tienen expresamente prohibido el uso de la informaci\u00f3n personal que pueda identificarlo, salvo para poder proveer estos servicios a Multimedia Valencia S.A., y est\u00e1n obligados a mantener la confidencialidad de su informaci\u00f3n.<\/p><p>Multimedia Valencia S.A. no utiliza ni divulga informaci\u00f3n personal privada como raza, religi\u00f3n o afiliaciones pol\u00edticas sin su consentimiento expreso.<\/p><p>Multimedia Valencia S.A. rastrea los sitios Web y las p\u00e1ginas que visitan nuestros clientes dentro de Multimedia Valencia S.A., para poder determinar cu\u00e1les son los servicios de Multimedia Valencia S.A. m\u00e1s populares. Estos datos son utilizados para presentar contenidos y publicidades personalizadas en el sitio de Multimedia Valencia S.A. a clientes cuyo comportamiento indica que tienen un particular inter\u00e9s en un \u00e1rea determinada.<\/p><p>Los sitios Web de Multimedia Valencia S.A. divulgar\u00e1n su informaci\u00f3n personal, sin notificarlo, s\u00f3lo cuando as\u00ed sea requerido por la ley o cuando se crea de buena fe que dicha acci\u00f3n es necesaria para: (a) conformar edictos legales o el cumplimiento de un proceso legal realizado sobre Multimedia Valencia S.A. o el sitio; (b) proteger y defender los derechos o propiedad de Multimedia Valencia S.A.; y, (c) actuar bajo circunstancias extremas, para proteger la seguridad de los usuarios de Multimedia Valencia S.A., o del p\u00fablico.<\/p><h2>3. Uso de \u201cCookies\u201d<\/h2><p>El sitio Web Multimedia Valencia S.A. utiliza \u00abcookies\u00bb para almacenar sus preferencias ayud\u00e1ndolo a personalizar su experiencia en l\u00ednea. Una cookie es un archivo de texto que es grabado en su disco duro por un servidor de p\u00e1ginas Web. Las cookies NO pueden ser utilizadas para ejecutar programas o distribuir virus inform\u00e1ticos a su computadora. Las cookies son asignadas a Usted por el servidor en relaci\u00f3n uno-a-uno, y pueden ser le\u00eddas \u00fanicamente por un servidor miembro del dominio que emiti\u00f3 la cookie para Usted.<\/p><p>Una de las principales ventajas de las cookies es que le ahorran tiempo. El prop\u00f3sito de una cookie es informar al servidor Web que Usted ha regresado a una p\u00e1gina espec\u00edfica. Por ejemplo, cuando Usted personaliza p\u00e1ginas en Multimedia Valencia S.A., o cuando se registra en el sitio Multimedia Valencia S.A., la cookie grabada permite al servidor Web de Multimedia Valencia S.A. recuperar su informaci\u00f3n espec\u00edfica en las subsiguientes visitas. Esto simplifica el proceso de registrar su informaci\u00f3n personal como direcci\u00f3n de cobro, direcci\u00f3n de env\u00edo, etc. La pr\u00f3xima vez que regrese al mimo sitio Web de Multimedia Valencia S.A., la informaci\u00f3n que Usted suministr\u00f3 anteriormente puede ser recuperada de la cookie, y as\u00ed las opciones que Usted haya personalizado en su visita anterior a Multimedia Valencia S.A. estar\u00e1n disponibles sin necesidad de que deba escribirlas nuevamente.<\/p><p>Usted tiene la posibilidad de aceptar o rechazar cookies. La mayor\u00eda de los exploradores de Internet aceptan las cookies autom\u00e1ticamente, pero si lo prefiere Usted puede modificar la configuraci\u00f3n para que las rechace. Si escoge que el explorador rechace cookies, es probable que no pueda aprovechar en su totalidad las caracter\u00edsticas interactivas de los servicios ofrecidos en Multimedia Valencia S.A. o en los sitios Web que visite.<\/p><h2>4. Seguridad de su Informaci\u00f3n Personal<\/h2><p>Multimedia Valencia S.A. asegura su informaci\u00f3n personal frente al acceso, uso o divulgaci\u00f3n no autorizados. Multimedia Valencia S.A. mantiene la informaci\u00f3n de identificaci\u00f3n personal que Usted haya provisto, en servidores ubicados en un ambiente controlado y seguro, protegidos del acceso, uso o divulgaci\u00f3n no autorizados. En caso de que informaci\u00f3n personal (como el n\u00famero de su tarjeta de cr\u00e9dito) sea transmitida a otros sitios Web, \u00e9sta se protege mediante el uso de protocolos cifrados como el protocolo SSL (Secure Sockets Layer).<\/p><h2>5. Protecci\u00f3n de datos de car\u00e1cter personal<\/h2><p>En cumplimiento del Reglamento General de Protecci\u00f3n de Datos (RGPD), que es el Reglamento (UE) 2016\/679 del Parlamento y del Consejo, de 27 de abril de 2016, relativo a la protecci\u00f3n de las personas f\u00edsicas en lo que respecta al tratamiento de datos personales y a la libre circulaci\u00f3n de estos datos y por el que se deroga la Directiva 95\/46\/ CE, y dem\u00e1s normativa nacional que sea de aplicaci\u00f3n, quien accede a nuestra p\u00e1gina web, servicios o sistemas (en adelante \u00abusted\u00bb), certifica que al enviar a Multimedia Valencia S.A. (en adelante MMV) cualquier tipo de datos o formularios, posee autorizaci\u00f3n y autoriza a la utilizaci\u00f3n de los mismos y su tratamiento inform\u00e1tico para la gesti\u00f3n de la solicitud a que se refiera el formulario o pregunta\/consulta\/servicio en cuesti\u00f3n. As\u00ed mismo, estos datos quedar\u00e1n incorporados a los ficheros propiedad de MMV. Dichos datos podr\u00e1n destinarse a labores de informaci\u00f3n sobre los servicios de su inter\u00e9s o aquellos ofrecidos por MMV y\/o Empresas asociadas y las actividades relacionadas con los mismos, as\u00ed como en su caso, para posteriores actividades de marketing, incluidas las realizadas por correo electr\u00f3nico o medio equivalente tanto por MMV como por las empresas asociadas a MMV. Tambi\u00e9n autoriza a MMV a gestionar la relaci\u00f3n comercial que le vincula con nosotros, quedando informado de que sus datos ser\u00e1n transferidos a los socios de Multimedia Valencia S.A. a los efectos de remitirle informaci\u00f3n de su inter\u00e9s o en su caso, solicitada por usted. En nuestras instalaciones disponemos de grabaci\u00f3n de im\u00e1genes con la finalidad de realizar video vigilancia de las mismas, donde tambi\u00e9n podr\u00e1 ejercer sus derechos de acceso, rectificaci\u00f3n, limitaci\u00f3n, cancelaci\u00f3n, portabilidad y supresi\u00f3n. En el caso que no desee que le remitamos informaci\u00f3n, puede enviar un correo indicando sus datos, y que no desea se le env\u00ede informaci\u00f3n a informacion[arroba]mmv[punto]es. El ejercicio de los derechos de acceso, rectificaci\u00f3n, limitaci\u00f3n, cancelaci\u00f3n, portabilidad y supresi\u00f3n se podr\u00e1 llevar a cabo en los t\u00e9rminos legales, mediante comunicaci\u00f3n por escrito a la sede de MMV o por correo electr\u00f3nico , para conocer nuestra direcci\u00f3n y correo:\u00a0<a class=\"u-active-none u-border-none u-btn u-button-style u-hover-none u-none u-text-palette-1-base u-btn-1\" href=\"https:\/\/mmv.es\/sobre-mmv\/\" target=\"_blank\" rel=\"noopener\">SIGA ESTE ENLACE PARA CONOCER NUESTRA DIRECCI\u00d3N POSTAL.<\/a><\/p><h2>6. Modificaciones a esta Declaraci\u00f3n<\/h2><p>Multimedia Valencia S.A. podr\u00e1 ocasionalmente actualizar esta Declaraci\u00f3n de Privacidad para reflejar las sugerencias tanto de la compa\u00f1\u00eda como de los clientes. En Multimedia Valencia S.A. lo alentamos a que revise peri\u00f3dicamente esta Declaraci\u00f3n para estar informado de c\u00f3mo Multimedia Valencia S.A. protege su informaci\u00f3n.<\/p><h2>7. Informaci\u00f3n de Contacto<\/h2><p>Multimedia Valencia S.A. recibe con agrado sus comentarios relativos a esta Declaraci\u00f3n de Privacidad. Si Usted cree que Multimedia Valencia S.A. no se ha ce\u00f1ido a esta Declaraci\u00f3n, por favor, p\u00f3ngase en contacto con Multimedia Valencia S.A. a trav\u00e9s del correo electr\u00f3nico a informacion[arroba]mmv[punto]es. Pondremos nuestros mejores esfuerzos comercialmente razonables para determinar r\u00e1pidamente el problema y remediarlo cuanto antes.\u00a0<\/p>\t\t\t\t\t\t<\/div>\n\t\t\t\t<\/div>\n\t\t\t\t\t<\/div>\n\t\t\t\t<\/div>\n\t\t\t\t<\/div>\n\t\t","protected":false},"excerpt":{"rendered":"<p>Pol\u00edtica de privacidad y uso de Cookies Actualizado 26-06-23 Multimedia Valencia S.A. est\u00e1 comprometida a proteger su privacidad y la tecnolog\u00eda de desarrollo que le brinda la experiencia en l\u00ednea m\u00e1s potente y segura. Esta Declaraci\u00f3n de Privacidad est\u00e1 relacionada con el sitio Web de Multimedia Valencia S.A. y abarca la recolecci\u00f3n de datos y [&hellip;]<\/p>\n","protected":false},"author":1,"featured_media":0,"parent":0,"menu_order":0,"comment_status":"closed","ping_status":"closed","template":"","meta":{"_acf_changed":false,"footnotes":""},"class_list":["post-460","page","type-page","status-publish","hentry"],"acf":[],"_links":{"self":[{"href":"https:\/\/nubaro.com\/es\/wp-json\/wp\/v2\/pages\/460"}],"collection":[{"href":"https:\/\/nubaro.com\/es\/wp-json\/wp\/v2\/pages"}],"about":[{"href":"https:\/\/nubaro.com\/es\/wp-json\/wp\/v2\/types\/page"}],"author":[{"embeddable":true,"href":"https:\/\/nubaro.com\/es\/wp-json\/wp\/v2\/users\/1"}],"replies":[{"embeddable":true,"href":"https:\/\/nubaro.com\/es\/wp-json\/wp\/v2\/comments?post=460"}],"version-history":[{"count":11,"href":"https:\/\/nubaro.com\/es\/wp-json\/wp\/v2\/pages\/460\/revisions"}],"predecessor-version":[{"id":10178,"href":"https:\/\/nubaro.com\/es\/wp-json\/wp\/v2\/pages\/460\/revisions\/10178"}],"wp:attachment":[{"href":"https:\/\/nubaro.com\/es\/wp-json\/wp\/v2\/media?parent=460"}],"curies":[{"name":"wp","href":"https:\/\/api.w.org\/{rel}","templated":true}]}}