{"id":566,"date":"2023-06-26T12:45:26","date_gmt":"2023-06-26T12:45:26","guid":{"rendered":"http:\/\/10.0.0.128\/?page_id=566"},"modified":"2023-06-26T13:11:07","modified_gmt":"2023-06-26T13:11:07","slug":"informacion-legal","status":"publish","type":"page","link":"https:\/\/nubaro.com\/es\/informacion-legal\/","title":{"rendered":"Informaci\u00f3n legal"},"content":{"rendered":"\t\t<div data-elementor-type=\"wp-page\" data-elementor-id=\"566\" class=\"elementor elementor-566\" data-elementor-post-type=\"page\">\n\t\t\t\t<div data-particle_enable=\"false\" data-particle-mobile-disabled=\"false\" class=\"elementor-element elementor-element-bf1aaaa e-flex e-con-boxed e-con e-parent\" data-id=\"bf1aaaa\" data-element_type=\"container\" data-settings=\"{&quot;background_background&quot;:&quot;classic&quot;}\">\n\t\t\t\t\t<div class=\"e-con-inner\">\n\t\t\t\t<div class=\"elementor-element elementor-element-54e4767 elementor-widget elementor-widget-heading\" data-id=\"54e4767\" data-element_type=\"widget\" data-widget_type=\"heading.default\">\n\t\t\t\t<div class=\"elementor-widget-container\">\n\t\t\t<h2 class=\"elementor-heading-title elementor-size-default\">Informaci\u00f3n legal sobre Multimedia Valencia S.A.<\/h2>\t\t<\/div>\n\t\t\t\t<\/div>\n\t\t\t\t<div class=\"elementor-element elementor-element-ebf67eb elementor-widget-divider--view-line elementor-widget elementor-widget-divider\" data-id=\"ebf67eb\" data-element_type=\"widget\" data-widget_type=\"divider.default\">\n\t\t\t\t<div class=\"elementor-widget-container\">\n\t\t\t\t\t<div class=\"elementor-divider\">\n\t\t\t<span class=\"elementor-divider-separator\">\n\t\t\t\t\t\t<\/span>\n\t\t<\/div>\n\t\t\t\t<\/div>\n\t\t\t\t<\/div>\n\t\t\t\t<div class=\"elementor-element elementor-element-7012a6c elementor-widget elementor-widget-text-editor\" data-id=\"7012a6c\" data-element_type=\"widget\" data-widget_type=\"text-editor.default\">\n\t\t\t\t<div class=\"elementor-widget-container\">\n\t\t\t\t\t\t\t<p>Multimedia Valencia S.A. pone a disposici\u00f3n de sus visitantes, una serie de datos que seg\u00fan la Ley 34\/2002 &#8211; LSSICE de \u201cServicios de la Sociedad y la Informaci\u00f3n de Comercio Electr\u00f3nico\u201d, son de obligada disposici\u00f3n tanto a los destinatarios del servicio como a los \u00f3rganos competentes, que se encuentran a continuaci\u00f3n.<br \/><br \/><strong>Denominaci\u00f3n Social:<\/strong><br \/>Multimedia Valencia S.A.\u00a0<br \/>\u00a0<br \/><strong>Domicilio de la empresa:\u00a0<\/strong><br \/>Pintor Vel\u00e1zquez 34 bajo, 46100 Burjassot (Valencia)<br \/>\u00a0<br \/><strong>Tel\u00e9fono de contacto:<\/strong><br \/>902 730 730<br \/>\u00a0<br \/><strong>Direcci\u00f3n de correo electr\u00f3nico:<\/strong><br \/>info@mmv.es<br \/><br \/>\u00a0<br \/><strong>Nombre del dominio para identificaci\u00f3n:<\/strong><br \/><a class=\"u-active-none u-border-none u-btn u-button-style u-hover-none u-none u-text-palette-1-base u-btn-1\" href=\"https:\/\/nubaro.com\/\" target=\"_blank\" rel=\"noopener\">https:\/\/mmv.es<\/a><br \/>\u00a0<br \/><strong>C.I.F<\/strong><br \/>A-96746003<br \/>\u00a0<br \/><strong>Registro mercantil:<\/strong><br \/>R.M. Valencia TOMO:6102 Libro:3408 Folio:41 Sec:8 Hoja:V-60833 Inscrpci\u00f3n:1\u00aa<\/p>\t\t\t\t\t\t<\/div>\n\t\t\t\t<\/div>\n\t\t\t\t\t<\/div>\n\t\t\t\t<\/div>\n\t\t\t\t<\/div>\n\t\t","protected":false},"excerpt":{"rendered":"<p>Informaci\u00f3n legal sobre Multimedia Valencia S.A. Multimedia Valencia S.A. pone a disposici\u00f3n de sus visitantes, una serie de datos que seg\u00fan la Ley 34\/2002 &#8211; LSSICE de \u201cServicios de la Sociedad y la Informaci\u00f3n de Comercio Electr\u00f3nico\u201d, son de obligada disposici\u00f3n tanto a los destinatarios del servicio como a los \u00f3rganos competentes, que se encuentran [&hellip;]<\/p>\n","protected":false},"author":1,"featured_media":0,"parent":0,"menu_order":0,"comment_status":"closed","ping_status":"closed","template":"","meta":{"_acf_changed":false,"footnotes":""},"class_list":["post-566","page","type-page","status-publish","hentry"],"acf":[],"_links":{"self":[{"href":"https:\/\/nubaro.com\/es\/wp-json\/wp\/v2\/pages\/566"}],"collection":[{"href":"https:\/\/nubaro.com\/es\/wp-json\/wp\/v2\/pages"}],"about":[{"href":"https:\/\/nubaro.com\/es\/wp-json\/wp\/v2\/types\/page"}],"author":[{"embeddable":true,"href":"https:\/\/nubaro.com\/es\/wp-json\/wp\/v2\/users\/1"}],"replies":[{"embeddable":true,"href":"https:\/\/nubaro.com\/es\/wp-json\/wp\/v2\/comments?post=566"}],"version-history":[{"count":9,"href":"https:\/\/nubaro.com\/es\/wp-json\/wp\/v2\/pages\/566\/revisions"}],"predecessor-version":[{"id":611,"href":"https:\/\/nubaro.com\/es\/wp-json\/wp\/v2\/pages\/566\/revisions\/611"}],"wp:attachment":[{"href":"https:\/\/nubaro.com\/es\/wp-json\/wp\/v2\/media?parent=566"}],"curies":[{"name":"wp","href":"https:\/\/api.w.org\/{rel}","templated":true}]}}